{"id":515,"date":"2014-10-06T13:13:54","date_gmt":"2014-10-06T12:13:54","guid":{"rendered":"http:\/\/www.scig.ch\/?page_id=515"},"modified":"2019-11-05T21:27:52","modified_gmt":"2019-11-05T20:27:52","slug":"pictures","status":"publish","type":"page","link":"https:\/\/www.scig.ch\/en\/pictures\/","title":{"rendered":"Pictures"},"content":{"rendered":"<p style=\"padding-left: 30px;\">Toutes les photos par section !!<\/p>\n<p style=\"padding-left: 30px;\">Suite \u00e0 la migration, les galeries photo seront rapatri\u00e9es petit \u00e0 petit, merci pour votre patience.<\/p>\n<div class=\"su-row\">\n<div class=\"su-column su-column-size-1-2\"><div class=\"su-column-inner su-u-clearfix su-u-trim\">\n<h1>Section de ski<\/h1>\n<ul>\n<li>2015-2016 <a href=\"http:\/\/www.scig.ch\/photos\/ski-2015-2016\/\">winter<\/a> | <a href=\"http:\/\/www.scig.ch\/ski-ete-2016\/\">summer<\/a> 2016<\/li>\n<li>2014-2015 <a href=\"http:\/\/www.scig.ch\/photos\/ski-2014-2015\/\">winter<\/a> | <a href=\"http:\/\/www.scig.ch\/ski-ete-2015\/\">summer<\/a> 2015<\/li>\n<li>2013-2014 <a href=\"http:\/\/www.scig.ch\/photos\/ski-2013-2014\/\">winter<\/a> | <a href=\"http:\/\/www.scig.ch\/photos\/ski-2014-ete\/\">summer<\/a> 2014<\/li>\n<li>2012-2013 <a href=\"http:\/\/www.scig.ch\/photos\/ski-2012-2013-hiver\/\">winter<\/a> | <a href=\"http:\/\/www.scig.ch\/photos\/ski-2013-ete\/\">summer<\/a> 2013<\/li>\n<li>2011-2012 <a href=\"http:\/\/www.scig.ch\/photos\/ski-2011-2012-hiver\/\">winter<\/a> | <a href=\"http:\/\/www.scig.ch\/photos\/ski-2011-ete\/\">summer<\/a> 2012<\/li>\n<li>2010-2011 <a href=\"http:\/\/www.scig.ch\/photos\/ski-2010-2011-hiver\/\">winter<\/a> | <a href=\"http:\/\/www.scig.ch\/photos\/ski-2011-ete\/\">summer<\/a> 2011<\/li>\n<li><a href=\"http:\/\/www.scig.ch\/photos\/ski-archives\/\">Archives<\/a><\/li>\n<\/ul>\n<\/div><\/div>\n<div class=\"su-column su-column-size-1-2\"><div class=\"su-column-inner su-u-clearfix su-u-trim\">\n<h1>Section de ski nordique et raquettes<\/h1>\n<ul>\n<li><a title=\"Ski nordique \/ Raquettes 2015-2016\" href=\"http:\/\/www.scig.ch\/photos\/ski-nordique-raquettes-2015-2016\/\">2015-2016<\/a><\/li>\n<li><a title=\"Ski nordique \/ Raquettes 2014-2015\" href=\"http:\/\/www.scig.ch\/photos\/ski-nordique-raquettes-2014-2015\/\">2014-2015<\/a><\/li>\n<li><a href=\"http:\/\/www.scig.ch\/photos\/ski-nordique-raquettes\/\">2013-2014<\/a><\/li>\n<li><a title=\"Ski nordique \/ Raquettes 2012-2013\" href=\"http:\/\/www.scig.ch\/photos\/ski-nordique-raquettes-2012-2013\/\">2012-2013<\/a><\/li>\n<li><a title=\"Ski nordique \/ Raquettes 2011-2012\" href=\"http:\/\/www.scig.ch\/photos\/ski-nordique-raquettes-2011-2012\/\">2011-2012<\/a><\/li>\n<li><a title=\"Ski nordique \/ Raquettes 2010-2011\" href=\"http:\/\/www.scig.ch\/photos\/ski-nordique-raquettes-2012-2013-2\/\">2010-2011<\/a><\/li>\n<li><a title=\"Ski nordique \/ Raquettes Archives\" href=\"http:\/\/www.scig.ch\/photos\/ski-nordique-raquettes-archives\/\">Archives<\/a><\/li>\n<\/ul>\n<\/div><\/div>\n<\/div>\n<div class=\"su-row\">\n<div class=\"su-column su-column-size-1-2\"><div class=\"su-column-inner su-u-clearfix su-u-trim\">\n<h1>Section de randonn\u00e9e p\u00e9destre<\/h1>\n<ul>\n<li><a href=\"http:\/\/www.scig.ch\/photos\/randonnees-pedestres-2016\/\">2016<\/a><\/li>\n<li><a href=\"http:\/\/www.scig.ch\/photos\/randonnees-pedestres-2015\/\">2015<\/a><\/li>\n<li><a title=\"Randonn\u00e9es p\u00e9destres 2014-2015\" href=\"http:\/\/www.scig.ch\/photos\/randonnee-pedestre-2014-2015\/\">2014<\/a><\/li>\n<li><a title=\"Randonn\u00e9es p\u00e9destres 2013-2014\" href=\"http:\/\/www.scig.ch\/photos\/randonnees-pedestres-2013-2014\/\">2013<\/a><\/li>\n<li><a title=\"Randonn\u00e9es p\u00e9destres 2012-2013\" href=\"http:\/\/www.scig.ch\/photos\/randonnees-pedestres-2012-2013\/\">2012<\/a><\/li>\n<li><a title=\"Randonn\u00e9es p\u00e9destres 2011-2012\" href=\"http:\/\/www.scig.ch\/photos\/randonnees-pedestres-2011-2012\/\">2011<\/a><\/li>\n<li><a title=\"Randonn\u00e9es p\u00e9destres 2010-2011\" href=\"http:\/\/www.scig.ch\/photos\/randonnees-pedestres-2010-2011\/\">2010<\/a><\/li>\n<li><a title=\"Randonn\u00e9es p\u00e9destres Archives\" href=\"http:\/\/www.scig.ch\/photos\/randonnees-pedestres-archives\/\">Archives<\/a><\/li>\n<\/ul>\n<\/div><\/div>\n<div class=\"su-column su-column-size-1-2\"><div class=\"su-column-inner su-u-clearfix su-u-trim\">\n<h1>Section des activit\u00e9s r\u00e9cr\u00e9atives<\/h1>\n<ul>\n<li><a href=\"http:\/\/www.scig.ch\/photos\/activites-recreatives-2015-2016\/\">2015-2016<\/a><\/li>\n<li><a title=\"Activit\u00e9s r\u00e9cr\u00e9atives 2014-2015\" href=\"http:\/\/www.scig.ch\/photos\/activites-recreatives-2014-2015\/\">2014-2015<\/a><\/li>\n<li><a title=\"Activit\u00e9s r\u00e9cr\u00e9atives 2013-2014\" href=\"http:\/\/www.scig.ch\/photos\/activites-recreatives-2013-2014\/\">2013-2014<\/a><\/li>\n<li><a title=\"Activit\u00e9s r\u00e9cr\u00e9atives 2012-2013\" href=\"http:\/\/www.scig.ch\/photos\/activites-recreatives-2012-2013\/\">2012-2013<\/a><\/li>\n<li><a title=\"Activit\u00e9s r\u00e9cr\u00e9atives 2011-2012\" href=\"http:\/\/www.scig.ch\/photos\/activites-recreatives-2011-2012\/\">2011-2012<\/a><\/li>\n<li><a title=\"Activit\u00e9s r\u00e9cr\u00e9atives 2010-2011\" href=\"http:\/\/www.scig.ch\/photos\/activites-recreatives-2010-2011\/\">2010-2011<\/a><\/li>\n<li><a title=\"Activit\u00e9s r\u00e9cr\u00e9atives Archives\" href=\"http:\/\/www.scig.ch\/photos\/activites-recreatives-archives\/\">Archives<\/a><\/li>\n<\/ul>\n<\/div><\/div>\n<\/div>\n","protected":false},"excerpt":{"rendered":"<p>Toutes les photos par section !! Suite \u00e0 la migration, les galeries photo seront rapatri\u00e9es petit \u00e0 petit, merci pour votre patience.<\/p>\n","protected":false},"author":1,"featured_media":0,"parent":0,"menu_order":0,"comment_status":"open","ping_status":"open","template":"","meta":{"_et_pb_use_builder":"","_et_pb_old_content":"","_et_gb_content_width":"","footnotes":""},"class_list":["post-515","page","type-page","status-publish","hentry"],"_links":{"self":[{"href":"https:\/\/www.scig.ch\/en\/wp-json\/wp\/v2\/pages\/515","targetHints":{"allow":["GET"]}}],"collection":[{"href":"https:\/\/www.scig.ch\/en\/wp-json\/wp\/v2\/pages"}],"about":[{"href":"https:\/\/www.scig.ch\/en\/wp-json\/wp\/v2\/types\/page"}],"author":[{"embeddable":true,"href":"https:\/\/www.scig.ch\/en\/wp-json\/wp\/v2\/users\/1"}],"replies":[{"embeddable":true,"href":"https:\/\/www.scig.ch\/en\/wp-json\/wp\/v2\/comments?post=515"}],"version-history":[{"count":1,"href":"https:\/\/www.scig.ch\/en\/wp-json\/wp\/v2\/pages\/515\/revisions"}],"predecessor-version":[{"id":4021,"href":"https:\/\/www.scig.ch\/en\/wp-json\/wp\/v2\/pages\/515\/revisions\/4021"}],"wp:attachment":[{"href":"https:\/\/www.scig.ch\/en\/wp-json\/wp\/v2\/media?parent=515"}],"curies":[{"name":"wp","href":"https:\/\/api.w.org\/{rel}","templated":true}]}}