{"id":1009,"date":"2016-09-08T09:42:16","date_gmt":"2016-09-08T08:42:16","guid":{"rendered":"http:\/\/www.scig.ch\/?page_id=1009"},"modified":"2019-11-05T21:25:30","modified_gmt":"2019-11-05T20:25:30","slug":"terms","status":"publish","type":"page","link":"https:\/\/www.scig.ch\/en\/terms\/","title":{"rendered":"Terms"},"content":{"rendered":"<p><strong>Conditions g\u00e9n\u00e9rales de vente <\/strong>concernant l\u2019utilisation de la plateforme d\u2019inscription comme membres (l\u2019acheteur) au  Ski-Club-Internationale de Gen\u00e8ve, ci -pr\u00e8s nomm\u00e9 SCIG( le vendeur) et aux inscriptions aux sorties ou aux \u00e9v\u00e8nements organis\u00e9s par le SCIG.<\/p>\n<p><u>Pr\u00e9ambule :<\/u><\/p>\n<ol>\n<li>Le SCIG est un club \u00e0 buts non-lucratifs, encadr\u00e9s par des b\u00e9n\u00e9voles, r\u00e9unis en comit\u00e9, repr\u00e9sentant chaque section et \u00e9lus par l\u2019assembl\u00e9e g\u00e9n\u00e9rale annuelle, une fois par ann\u00e9e en fin du mois de mai.<\/li>\n<li>Le SCIG a donc eu recours \u00e0 des prestataires externes, pour la cr\u00e9ation du site internet, du portail de payement et de partenaires, assurant la partie relations avec les organismes des principales cartes de cr\u00e9dits (la soci\u00e9t\u00e9 ADUNO SA \u00e0 Lausanne) et d\u2019un partenaire bancaire (Postfinances SA) \u00e0 Lausanne.<\/li>\n<li>Concernant le d\u00e9veloppement du portail de payement, il a \u00e9t\u00e9 confi\u00e9 \u00e0 la soci\u00e9t\u00e9 PLUGIN.CH \u00e0 Orsi\u00e8res.<\/li>\n<\/ol>\n<p>Le SCIG n\u2019a donc pas de comp\u00e9tences particuli\u00e8res concernant les payements en lignes et consid\u00e8re que le recours \u00e0 des prestataires reconnus de la place suffit \u00e0 garantir un fonctionnement d\u2019une qualit\u00e9 et d\u2019une s\u00e9curit\u00e9 satisfaisante.<\/p>\n<p>De ce point de vue les conditions g\u00e9n\u00e9rales de chaque partenaire, font partie int\u00e9grantes des pr\u00e9sentes conditions g\u00e9n\u00e9rales.<\/p>\n<p>Le SCIG s\u2019engage \u00e0 ne pas divulguer les donn\u00e9es r\u00e9colt\u00e9es \u00e0 d\u2019autres fins que la gestion des relations internes et dans la mesure n\u00e9cessaires aux relations avec ses partenaires contractuels et \u00e0 prendre les m\u00eames pr\u00e9cautions que celles adopt\u00e9es, lors de la gestion des donn\u00e9es effectu\u00e9es manuellement jusqu\u2019ici.<\/p>\n<p>Un membre peut en tout temps consulter ses donn\u00e9es personnelles ou  demander la modification de celles-ci.<\/p>\n<p>En cas de d\u00e9part d\u2019un membre, ses donn\u00e9es pourront \u00eatre conserv\u00e9es \u00e0 des fins statistiques, sauf demande formelle de suppression.<\/p>\n<p>Toute personne qui s\u2019inscrit depuis le site internet du SCIG, pour des prestations telles que, devenir membre, s\u2019inscrire \u00e0 une sortie, r\u00e9server une place de transport, acheter un abonnement, reconnait les pr\u00e9sentes conditions g\u00e9n\u00e9rales et s\u2019engage formellement \u00e0 r\u00e9gler les montants en d\u00e9coulant des prestations souhait\u00e9es, via une carte de cr\u00e9dit valide et provisionn\u00e9 en cons\u00e9quences, le d\u00e9bit est imm\u00e9diat et irr\u00e9vocable.<\/p>\n<p>Aucune annulation post\u00e9rieure \u00e0 la validation du payement en ligne par l\u2019acheteur,  ne pourra avoir lieu.<\/p>\n<p>Dans des cas particuliers, le responsable de la section concern\u00e9e, peut d\u00e9roger \u00e0 cette r\u00e8gle s\u2019il consid\u00e8re que les prestations annul\u00e9es, n\u2019avaient de bonne foi, pas entra\u00een\u00e9 de pertes pour le SCIG.<\/p>\n<p>Les cas d\u2019annulation par le SCIG pour des raisons de m\u00e9t\u00e9o, de s\u00e9curit\u00e9 ou tout autre cas de force majeur, donnera lieu \u00e0 un remboursement via les coordonn\u00e9es bancaires renseign\u00e9es lors de l\u2019inscription en ligne.<\/p>\n<p>Le for juridique est Gen\u00e8ve et le droit suisse sur le e-commerce est applicable.<\/p>\n<p>Conditions g\u00e9n\u00e9rales b\u00e9ta 1 du 8 janvier 2017<\/p>\n<p>&nbsp;<\/p>\n<p>Pour le comit\u00e9<\/p>\n<p>Fran\u00e7ois Vittori   pr\u00e9sident 2016-2017<\/p>\n","protected":false},"excerpt":{"rendered":"<p>Conditions g\u00e9n\u00e9rales de vente concernant l\u2019utilisation de la plateforme d\u2019inscription comme membres (l\u2019acheteur) au Ski-Club-Internationale de Gen\u00e8ve, ci -pr\u00e8s nomm\u00e9 SCIG( le vendeur) et aux inscriptions aux sorties ou aux \u00e9v\u00e8nements organis\u00e9s par le SCIG. Pr\u00e9ambule : Le SCIG est un club \u00e0 buts non-lucratifs, encadr\u00e9s par des b\u00e9n\u00e9voles, r\u00e9unis en comit\u00e9, repr\u00e9sentant chaque section [&hellip;]<\/p>\n","protected":false},"author":1,"featured_media":0,"parent":0,"menu_order":0,"comment_status":"closed","ping_status":"closed","template":"","meta":{"_et_pb_use_builder":"","_et_pb_old_content":"","_et_gb_content_width":"","footnotes":""},"class_list":["post-1009","page","type-page","status-publish","hentry"],"_links":{"self":[{"href":"https:\/\/www.scig.ch\/en\/wp-json\/wp\/v2\/pages\/1009","targetHints":{"allow":["GET"]}}],"collection":[{"href":"https:\/\/www.scig.ch\/en\/wp-json\/wp\/v2\/pages"}],"about":[{"href":"https:\/\/www.scig.ch\/en\/wp-json\/wp\/v2\/types\/page"}],"author":[{"embeddable":true,"href":"https:\/\/www.scig.ch\/en\/wp-json\/wp\/v2\/users\/1"}],"replies":[{"embeddable":true,"href":"https:\/\/www.scig.ch\/en\/wp-json\/wp\/v2\/comments?post=1009"}],"version-history":[{"count":1,"href":"https:\/\/www.scig.ch\/en\/wp-json\/wp\/v2\/pages\/1009\/revisions"}],"predecessor-version":[{"id":4019,"href":"https:\/\/www.scig.ch\/en\/wp-json\/wp\/v2\/pages\/1009\/revisions\/4019"}],"wp:attachment":[{"href":"https:\/\/www.scig.ch\/en\/wp-json\/wp\/v2\/media?parent=1009"}],"curies":[{"name":"wp","href":"https:\/\/api.w.org\/{rel}","templated":true}]}}